{"id":82325,"date":"2026-04-29T19:17:16","date_gmt":"2026-04-29T17:17:16","guid":{"rendered":"https:\/\/safeblood.ph\/?page_id=82325"},"modified":"2026-04-29T19:17:16","modified_gmt":"2026-04-29T17:17:16","slug":"edit","status":"publish","type":"page","link":"https:\/\/safeblood.ph\/sk\/edit\/","title":{"rendered":"Edit"},"content":{"rendered":"<h3 class=\"p1\">Prosimo, izpolnite vsa spodnja obvezna polja (ozna\u010dena z rde\u010do zvezdico<span style=\"color: #ff0000;\">*<\/span>). \u010clan postanete \u0161ele, ko podatke na dnu strani shranite z gumbom \u201eShrani vnos\u201c.<br \/>Prijave za \u010dlanstvo brez izpolnjenih obveznih polj bo sistem po enem tednu samodejno izbrisal.<br \/>\n<\/h3>\n<div class=\"error\">\u017diaden pou\u017e\u00edvate\u013e nie je prihl\u00e1sen\u00fd, aby mohol t\u00fato funkciu pou\u017e\u00edva\u0165.<\/div>\n","protected":false},"excerpt":{"rendered":"<p>Prosimo, izpolnite vsa spodnja obvezna polja (ozna\u010dena z rde\u010do zvezdico*). \u010clan postanete \u0161ele, ko podatke na dnu strani shranite z gumbom \u201eShrani vnos\u201c.Prijave za \u010dlanstvo brez izpolnjenih obveznih polj bo&#8230;<\/p>\n","protected":false},"author":2,"featured_media":0,"parent":0,"menu_order":0,"comment_status":"closed","ping_status":"closed","template":"","meta":[],"_links":{"self":[{"href":"https:\/\/safeblood.ph\/sk\/wp-json\/wp\/v2\/pages\/82325"}],"collection":[{"href":"https:\/\/safeblood.ph\/sk\/wp-json\/wp\/v2\/pages"}],"about":[{"href":"https:\/\/safeblood.ph\/sk\/wp-json\/wp\/v2\/types\/page"}],"author":[{"embeddable":true,"href":"https:\/\/safeblood.ph\/sk\/wp-json\/wp\/v2\/users\/2"}],"replies":[{"embeddable":true,"href":"https:\/\/safeblood.ph\/sk\/wp-json\/wp\/v2\/comments?post=82325"}],"version-history":[{"count":1,"href":"https:\/\/safeblood.ph\/sk\/wp-json\/wp\/v2\/pages\/82325\/revisions"}],"predecessor-version":[{"id":82326,"href":"https:\/\/safeblood.ph\/sk\/wp-json\/wp\/v2\/pages\/82325\/revisions\/82326"}],"wp:attachment":[{"href":"https:\/\/safeblood.ph\/sk\/wp-json\/wp\/v2\/media?parent=82325"}],"curies":[{"name":"wp","href":"https:\/\/api.w.org\/{rel}","templated":true}]}}